{"id":692,"date":"2023-06-21T08:28:20","date_gmt":"2023-06-21T06:28:20","guid":{"rendered":"https:\/\/vitatest.ro\/?page_id=692"},"modified":"2023-06-23T11:01:03","modified_gmt":"2023-06-23T09:01:03","slug":"velemenyek","status":"publish","type":"page","link":"https:\/\/vitatest.ro\/ro\/velemenyek\/","title":{"rendered":"Recenzii"},"content":{"rendered":"<div data-elementor-type=\"wp-page\" data-elementor-id=\"692\" class=\"elementor elementor-692\" data-elementor-post-type=\"page\">\n\t\t\t\t\t\t<section class=\"elementor-section elementor-top-section elementor-element elementor-element-9bef70b elementor-section-height-min-height elementor-section-boxed elementor-section-height-default elementor-section-items-middle\" data-id=\"9bef70b\" data-element_type=\"section\" data-settings=\"{&quot;background_background&quot;:&quot;classic&quot;}\">\n\t\t\t\t\t\t\t<div class=\"elementor-background-overlay\"><\/div>\n\t\t\t\t\t\t\t<div class=\"elementor-container elementor-column-gap-default\">\n\t\t\t\t\t<div class=\"elementor-column elementor-col-100 elementor-top-column elementor-element elementor-element-3e4b9b3\" data-id=\"3e4b9b3\" data-element_type=\"column\" data-settings=\"{&quot;background_background&quot;:&quot;classic&quot;}\">\n\t\t\t<div class=\"elementor-widget-wrap elementor-element-populated\">\n\t\t\t\t\t\t<div class=\"elementor-element elementor-element-4661816 elementor-widget elementor-widget-heading\" data-id=\"4661816\" data-element_type=\"widget\" data-widget_type=\"heading.default\">\n\t\t\t\t<div class=\"elementor-widget-container\">\n\t\t\t<h1 class=\"elementor-heading-title elementor-size-default\">Recenzii despre VitaTest<\/h1>\t\t<\/div>\n\t\t\t\t<\/div>\n\t\t\t\t\t<\/div>\n\t\t<\/div>\n\t\t\t\t\t<\/div>\n\t\t<\/section>\n\t\t\t\t<section class=\"elementor-section elementor-top-section elementor-element elementor-element-fddcd6d elementor-section-boxed elementor-section-height-default elementor-section-height-default\" data-id=\"fddcd6d\" data-element_type=\"section\">\n\t\t\t\t\t\t<div class=\"elementor-container elementor-column-gap-default\">\n\t\t\t\t\t<div class=\"elementor-column elementor-col-100 elementor-top-column elementor-element elementor-element-4fc4300\" data-id=\"4fc4300\" data-element_type=\"column\">\n\t\t\t<div class=\"elementor-widget-wrap elementor-element-populated\">\n\t\t\t\t\t\t<div class=\"elementor-element elementor-element-04c9259 elementor-widget elementor-widget-text-editor\" data-id=\"04c9259\" data-element_type=\"widget\" data-widget_type=\"text-editor.default\">\n\t\t\t\t<div class=\"elementor-widget-container\">\n\t\t\t\t\t\t\t<h3><strong>Recenzii conving\u0103toare despre evaluare<\/strong><\/h3><p>Opiniile clien\u021bilor no\u0219tri sunt cele mai importante pentru noi. Vede\u021bi ce spun ace\u0219tia despre evaluarea VitaTest.<\/p>\t\t\t\t\t\t<\/div>\n\t\t\t\t<\/div>\n\t\t\t\t<div class=\"elementor-element elementor-element-43d963f elementor-testimonial--skin-bubble elementor-testimonial--layout-image_stacked elementor-testimonial--align-center elementor-arrows-yes elementor-pagination-type-bullets elementor-widget elementor-widget-testimonial-carousel\" data-id=\"43d963f\" data-element_type=\"widget\" data-settings=\"{&quot;slides_per_view&quot;:&quot;3&quot;,&quot;slides_per_view_tablet&quot;:&quot;2&quot;,&quot;slides_to_scroll&quot;:&quot;1&quot;,&quot;autoplay_speed&quot;:6000,&quot;show_arrows&quot;:&quot;yes&quot;,&quot;pagination&quot;:&quot;bullets&quot;,&quot;speed&quot;:500,&quot;autoplay&quot;:&quot;yes&quot;,&quot;loop&quot;:&quot;yes&quot;,&quot;pause_on_hover&quot;:&quot;yes&quot;,&quot;pause_on_interaction&quot;:&quot;yes&quot;,&quot;space_between&quot;:{&quot;unit&quot;:&quot;px&quot;,&quot;size&quot;:10,&quot;sizes&quot;:[]},&quot;space_between_tablet&quot;:{&quot;unit&quot;:&quot;px&quot;,&quot;size&quot;:10,&quot;sizes&quot;:[]},&quot;space_between_mobile&quot;:{&quot;unit&quot;:&quot;px&quot;,&quot;size&quot;:10,&quot;sizes&quot;:[]}}\" data-widget_type=\"testimonial-carousel.default\">\n\t\t\t\t<div class=\"elementor-widget-container\">\n\t\t\t\t\t<div class=\"elementor-swiper\">\n\t\t\t<div class=\"elementor-main-swiper swiper\">\n\t\t\t\t<div class=\"swiper-wrapper\">\n\t\t\t\t\t\t\t\t\t\t\t<div class=\"swiper-slide\">\n\t\t\t\t\t\t\t\t\t<div class=\"elementor-testimonial\">\n\t\t\t\t\t\t\t<div class=\"elementor-testimonial__content\">\n\t\t\t\t\t<div class=\"elementor-testimonial__text\">\n\t\t\t\t\t\t\"A fost o experien\u021b\u0103 fantastic\u0103! C\u0103utam de mult timp o solu\u021bie care s\u0103 m\u0103 ajute s\u0103 \u00een\u021beleg ce nutrien\u021bi \u00eei lipsesc organismului meu. Evaluarea VitaTest a rezolvat aceast\u0103 problem\u0103 rapid \u0219i u\u0219or!\"\t\t\t\t\t<\/div>\n\t\t\t\t\t\t\t\t\t<\/div>\n\t\t\t\t\t\t<div class=\"elementor-testimonial__footer\">\n\t\t\t\t\t\t\t\t\t<div class=\"elementor-testimonial__image\">\n\t\t\t\t\t\t<img decoding=\"async\" src=\"https:\/\/vitatest.ro\/wp-content\/uploads\/2023\/06\/vel-4.jpg\" alt=\"Petra, 38\">\n\t\t\t\t\t\t\t\t\t\t\t<\/div>\n\t\t\t\t\t\t\t\t<cite class=\"elementor-testimonial__cite\"><span class=\"elementor-testimonial__name\">Petra, 38<\/span><\/cite>\t\t\t<\/div>\n\t\t<\/div>\n\t\t\t\t\t\t\t\t<\/div>\n\t\t\t\t\t\t\t\t\t\t\t<div class=\"swiper-slide\">\n\t\t\t\t\t\t\t\t\t<div class=\"elementor-testimonial\">\n\t\t\t\t\t\t\t<div class=\"elementor-testimonial__content\">\n\t\t\t\t\t<div class=\"elementor-testimonial__text\">\n\t\t\t\t\t\t\"Nu credeam c\u0103 poate fi at\u00e2t de u\u0219or s\u0103 m\u0103sori nivelul de vitamine. Nu este nevoie de ace, iar m\u0103surarea este complet nedureroas\u0103. \u0218i am primit rezultatele imediat. Un serviciu excelent!\"\t\t\t\t\t<\/div>\n\t\t\t\t\t\t\t\t\t<\/div>\n\t\t\t\t\t\t<div class=\"elementor-testimonial__footer\">\n\t\t\t\t\t\t\t\t\t<div class=\"elementor-testimonial__image\">\n\t\t\t\t\t\t<img decoding=\"async\" src=\"https:\/\/vitatest.ro\/wp-content\/uploads\/2023\/06\/vel-6.jpg\" alt=\"Joseph, 45\">\n\t\t\t\t\t\t\t\t\t\t\t<\/div>\n\t\t\t\t\t\t\t\t<cite class=\"elementor-testimonial__cite\"><span class=\"elementor-testimonial__name\">Joseph, 45<\/span><\/cite>\t\t\t<\/div>\n\t\t<\/div>\n\t\t\t\t\t\t\t\t<\/div>\n\t\t\t\t\t\t\t\t\t\t\t<div class=\"swiper-slide\">\n\t\t\t\t\t\t\t\t\t<div class=\"elementor-testimonial\">\n\t\t\t\t\t\t\t<div class=\"elementor-testimonial__content\">\n\t\t\t\t\t<div class=\"elementor-testimonial__text\">\n\t\t\t\t\t\t\"Nu sunt doctor, dar \u00eemi place s\u0103 \u0219tiu cum func\u021bioneaz\u0103 corpul meu. Acum pot s\u0103-mi controlez nivelul de vitamine \u0219i minerale. \u00cen plus, am primit c\u00e2teva sfaturi utile despre dieta mea dup\u0103 evaluare.\"\t\t\t\t\t<\/div>\n\t\t\t\t\t\t\t\t\t<\/div>\n\t\t\t\t\t\t<div class=\"elementor-testimonial__footer\">\n\t\t\t\t\t\t\t\t\t<div class=\"elementor-testimonial__image\">\n\t\t\t\t\t\t<img decoding=\"async\" src=\"https:\/\/vitatest.ro\/wp-content\/uploads\/2023\/06\/vel-0.jpg\" alt=\"Anna, 32\">\n\t\t\t\t\t\t\t\t\t\t\t<\/div>\n\t\t\t\t\t\t\t\t<cite class=\"elementor-testimonial__cite\"><span class=\"elementor-testimonial__name\">Anna, 32<\/span><\/cite>\t\t\t<\/div>\n\t\t<\/div>\n\t\t\t\t\t\t\t\t<\/div>\n\t\t\t\t\t\t\t\t\t\t\t<div class=\"swiper-slide\">\n\t\t\t\t\t\t\t\t\t<div class=\"elementor-testimonial\">\n\t\t\t\t\t\t\t<div class=\"elementor-testimonial__content\">\n\t\t\t\t\t<div class=\"elementor-testimonial__text\">\n\t\t\t\t\t\t\"Cu VitaTest, pot monitoriza cu u\u0219urin\u021b\u0103 starea nutrien\u021bilor din corpul meu. Rezultatele \u00eemi spun de ce vitamine am nevoie mai mult. Evaluarea este rapid\u0103 \u0219i u\u0219oar\u0103, \u00eel recomand tuturor!\"\t\t\t\t\t<\/div>\n\t\t\t\t\t\t\t\t\t<\/div>\n\t\t\t\t\t\t<div class=\"elementor-testimonial__footer\">\n\t\t\t\t\t\t\t\t\t<div class=\"elementor-testimonial__image\">\n\t\t\t\t\t\t<img decoding=\"async\" src=\"https:\/\/vitatest.ro\/wp-content\/uploads\/2023\/06\/vel-5.jpg\" alt=\"Matei, 50\">\n\t\t\t\t\t\t\t\t\t\t\t<\/div>\n\t\t\t\t\t\t\t\t<cite class=\"elementor-testimonial__cite\"><span class=\"elementor-testimonial__name\">Matei, 50<\/span><\/cite>\t\t\t<\/div>\n\t\t<\/div>\n\t\t\t\t\t\t\t\t<\/div>\n\t\t\t\t\t\t\t\t\t<\/div>\n\t\t\t\t\t\t\t\t\t\t\t\t\t\t\t<div class=\"swiper-pagination\"><\/div>\n\t\t\t\t\t\t\t\t\t\t\t\t\t\t\t\t<div class=\"elementor-swiper-button elementor-swiper-button-prev\" role=\"button\" tabindex=\"0\">\n\t\t\t\t\t\t\t<i aria-hidden=\"true\" class=\"eicon-chevron-left\"><\/i>\t\t\t\t\t\t\t<span class=\"elementor-screen-only\">Previous<\/span>\n\t\t\t\t\t\t<\/div>\n\t\t\t\t\t\t<div class=\"elementor-swiper-button elementor-swiper-button-next\" role=\"button\" tabindex=\"0\">\n\t\t\t\t\t\t\t<i aria-hidden=\"true\" class=\"eicon-chevron-right\"><\/i>\t\t\t\t\t\t\t<span class=\"elementor-screen-only\">Next<\/span>\n\t\t\t\t\t\t<\/div>\n\t\t\t\t\t\t\t\t\t\t\t\t<\/div>\n\t\t<\/div>\n\t\t\t\t<\/div>\n\t\t\t\t<\/div>\n\t\t\t\t<div class=\"elementor-element elementor-element-663fe84 elementor-widget elementor-widget-text-editor\" data-id=\"663fe84\" data-element_type=\"widget\" data-widget_type=\"text-editor.default\">\n\t\t\t\t<div class=\"elementor-widget-container\">\n\t\t\t\t\t\t\t<p><strong>\u00censcrie-te acum \u0219i experimenteaz\u0103 c\u00e2t de u\u0219or este evaluarea nivelul de vitamine!<\/strong><\/p>\t\t\t\t\t\t<\/div>\n\t\t\t\t<\/div>\n\t\t\t\t\t<\/div>\n\t\t<\/div>\n\t\t\t\t\t<\/div>\n\t\t<\/section>\n\t\t\t\t<section class=\"elementor-section elementor-top-section elementor-element elementor-element-41c4451 elementor-section-boxed elementor-section-height-default elementor-section-height-default\" data-id=\"41c4451\" data-element_type=\"section\" data-settings=\"{&quot;background_background&quot;:&quot;classic&quot;}\">\n\t\t\t\t\t\t<div class=\"elementor-container elementor-column-gap-default\">\n\t\t\t\t\t<div class=\"elementor-column elementor-col-100 elementor-top-column elementor-element elementor-element-8dbcbce\" data-id=\"8dbcbce\" data-element_type=\"column\">\n\t\t\t<div class=\"elementor-widget-wrap elementor-element-populated\">\n\t\t\t\t\t\t<div class=\"elementor-element elementor-element-f45bbaa elementor-widget elementor-widget-heading\" data-id=\"f45bbaa\" data-element_type=\"widget\" data-widget_type=\"heading.default\">\n\t\t\t\t<div class=\"elementor-widget-container\">\n\t\t\t<h3 class=\"elementor-heading-title elementor-size-default\"><a href=\"#urlap\">Nu mai am\u00e2na, fii con\u0219tient pentru s\u0103n\u0103tatea ta!<\/a><\/h3>\t\t<\/div>\n\t\t\t\t<\/div>\n\t\t\t\t\t<\/div>\n\t\t<\/div>\n\t\t\t\t\t<\/div>\n\t\t<\/section>\n\t\t\t\t<section class=\"elementor-section elementor-top-section elementor-element elementor-element-8756136 elementor-section-boxed elementor-section-height-default elementor-section-height-default\" data-id=\"8756136\" data-element_type=\"section\" data-settings=\"{&quot;background_background&quot;:&quot;classic&quot;}\">\n\t\t\t\t\t\t<div class=\"elementor-container elementor-column-gap-default\">\n\t\t\t\t\t<div class=\"elementor-column elementor-col-50 elementor-top-column elementor-element elementor-element-aa48703\" data-id=\"aa48703\" data-element_type=\"column\">\n\t\t\t<div class=\"elementor-widget-wrap elementor-element-populated\">\n\t\t\t\t\t\t<div class=\"elementor-element elementor-element-775936d elementor-widget elementor-widget-image\" data-id=\"775936d\" data-element_type=\"widget\" data-widget_type=\"image.default\">\n\t\t\t\t<div class=\"elementor-widget-container\">\n\t\t\t\t\t\t\t\t\t\t\t\t\t<img decoding=\"async\" src=\"https:\/\/vitatest.ro\/wp-content\/uploads\/elementor\/thumbs\/doctor-q8a16kj4uesfa9vukc1u0t5ql4dwifm9ouuxkab44g.jpg\" title=\"doctor\" alt=\"doctor\" loading=\"lazy\" \/>\t\t\t\t\t\t\t\t\t\t\t\t\t<\/div>\n\t\t\t\t<\/div>\n\t\t\t\t\t<\/div>\n\t\t<\/div>\n\t\t\t\t<div class=\"elementor-column elementor-col-50 elementor-top-column elementor-element elementor-element-30c5ce8\" data-id=\"30c5ce8\" data-element_type=\"column\">\n\t\t\t<div class=\"elementor-widget-wrap elementor-element-populated\">\n\t\t\t\t\t\t<div class=\"elementor-element elementor-element-b3488d7 elementor-widget elementor-widget-text-editor\" data-id=\"b3488d7\" data-element_type=\"widget\" data-widget_type=\"text-editor.default\">\n\t\t\t\t<div class=\"elementor-widget-container\">\n\t\t\t\t\t\t\t<p>S\u0103n\u0103tatea nu este un lucru care trebuie l\u0103sat la voia \u00eent\u00e2mpl\u0103rii. Cu ajutorul evaluarii VitaTest, po\u021bi afla exact de ce vitamine \u0219i minerale ai nevoie mai mult. Acest lucru te va ajuta s\u0103 \u00ee\u021bi personalizezi dieta \u0219i s\u0103 \u00ee\u021bi dezvol\u021bi un stil de via\u021b\u0103 s\u0103n\u0103tos. Nu mai a\u0219tepta, f\u0103 primul pas spre o via\u021b\u0103 mai s\u0103n\u0103toas\u0103!<\/p>\t\t\t\t\t\t<\/div>\n\t\t\t\t<\/div>\n\t\t\t\t\t<\/div>\n\t\t<\/div>\n\t\t\t\t\t<\/div>\n\t\t<\/section>\n\t\t\t\t<section class=\"elementor-section elementor-top-section elementor-element elementor-element-76aa125 elementor-section-boxed elementor-section-height-default elementor-section-height-default\" data-id=\"76aa125\" data-element_type=\"section\">\n\t\t\t\t\t\t<div class=\"elementor-container elementor-column-gap-default\">\n\t\t\t\t\t<div class=\"elementor-column elementor-col-100 elementor-top-column elementor-element elementor-element-17cd3b9\" data-id=\"17cd3b9\" data-element_type=\"column\">\n\t\t\t<div class=\"elementor-widget-wrap elementor-element-populated\">\n\t\t\t\t\t\t<div class=\"elementor-element elementor-element-f860573 elementor-widget elementor-widget-heading\" data-id=\"f860573\" data-element_type=\"widget\" data-widget_type=\"heading.default\">\n\t\t\t\t<div class=\"elementor-widget-container\">\n\t\t\t<span class=\"elementor-heading-title elementor-size-default\">Evalueaz\u0103 \u0219i fii con\u0219tient! \u00censcrie-te acum pentru un test de vitamine GRATUIT \u0219i afl\u0103 starea real\u0103 a organismului t\u0103u!<\/span>\t\t<\/div>\n\t\t\t\t<\/div>\n\t\t\t\t\t<\/div>\n\t\t<\/div>\n\t\t\t\t\t<\/div>\n\t\t<\/section>\n\t\t\t\t<\/div>","protected":false},"excerpt":{"rendered":"<p>V\u00e9lem\u00e9nyek a VitaTestr\u0151l Meggy\u0151z\u0151 v\u00e9lem\u00e9nyek a m\u00e9r\u00e9sr\u0151l \u00dcgyfeleink v\u00e9lem\u00e9nye a legfontosabb sz\u00e1munkra. L\u00e1ssuk, mit mondanak a VitaTest m\u00e9r\u00e9sr\u0151l. &#8222;Fantasztikus \u00e9lm\u00e9ny volt! R\u00e9g\u00f3ta kerestem egy olyan megold\u00e1st, ami seg\u00edt meg\u00e9rteni, milyen t\u00e1panyagokb\u00f3l van hi\u00e1ny a szervezetemben. A VitaTest m\u00e9r\u00e9s egyszer\u0171en \u00e9s gyorsan megoldotta ezt a probl\u00e9m\u00e1t!&#8221; Petra, 38 &#8222;Nem hittem volna, hogy ennyire egyszer\u0171 lehet a &#8230; <a title=\"Recenzii\" class=\"read-more\" href=\"https:\/\/vitatest.ro\/ro\/velemenyek\/\" aria-label=\"Read more about V\u00e9lem\u00e9nyek\">Read more<\/a><\/p>","protected":false},"author":2,"featured_media":725,"parent":0,"menu_order":0,"comment_status":"closed","ping_status":"closed","template":"elementor_header_footer","meta":{"footnotes":""},"class_list":["post-692","page","type-page","status-publish","has-post-thumbnail"],"_links":{"self":[{"href":"https:\/\/vitatest.ro\/ro\/wp-json\/wp\/v2\/pages\/692","targetHints":{"allow":["GET"]}}],"collection":[{"href":"https:\/\/vitatest.ro\/ro\/wp-json\/wp\/v2\/pages"}],"about":[{"href":"https:\/\/vitatest.ro\/ro\/wp-json\/wp\/v2\/types\/page"}],"author":[{"embeddable":true,"href":"https:\/\/vitatest.ro\/ro\/wp-json\/wp\/v2\/users\/2"}],"replies":[{"embeddable":true,"href":"https:\/\/vitatest.ro\/ro\/wp-json\/wp\/v2\/comments?post=692"}],"version-history":[{"count":2,"href":"https:\/\/vitatest.ro\/ro\/wp-json\/wp\/v2\/pages\/692\/revisions"}],"predecessor-version":[{"id":741,"href":"https:\/\/vitatest.ro\/ro\/wp-json\/wp\/v2\/pages\/692\/revisions\/741"}],"wp:featuredmedia":[{"embeddable":true,"href":"https:\/\/vitatest.ro\/ro\/wp-json\/wp\/v2\/media\/725"}],"wp:attachment":[{"href":"https:\/\/vitatest.ro\/ro\/wp-json\/wp\/v2\/media?parent=692"}],"curies":[{"name":"wp","href":"https:\/\/api.w.org\/{rel}","templated":true}]}}