{"id":682,"date":"2023-06-21T08:09:25","date_gmt":"2023-06-21T06:09:25","guid":{"rendered":"https:\/\/vitatest.ro\/?page_id=682"},"modified":"2023-06-23T11:00:37","modified_gmt":"2023-06-23T09:00:37","slug":"a-meresrol","status":"publish","type":"page","link":"https:\/\/vitatest.ro\/ro\/a-meresrol\/","title":{"rendered":"Tudj meg t\u00f6bbet a m\u00e9r\u00e9sr\u0151l"},"content":{"rendered":"<div data-elementor-type=\"wp-page\" data-elementor-id=\"682\" class=\"elementor elementor-682\" data-elementor-post-type=\"page\">\n\t\t\t\t\t\t<section class=\"elementor-section elementor-top-section elementor-element elementor-element-9bef70b elementor-section-height-min-height elementor-section-boxed elementor-section-height-default elementor-section-items-middle\" data-id=\"9bef70b\" data-element_type=\"section\" data-settings=\"{&quot;background_background&quot;:&quot;classic&quot;}\">\n\t\t\t\t\t\t\t<div class=\"elementor-background-overlay\"><\/div>\n\t\t\t\t\t\t\t<div class=\"elementor-container elementor-column-gap-default\">\n\t\t\t\t\t<div class=\"elementor-column elementor-col-100 elementor-top-column elementor-element elementor-element-3e4b9b3\" data-id=\"3e4b9b3\" data-element_type=\"column\" data-settings=\"{&quot;background_background&quot;:&quot;classic&quot;}\">\n\t\t\t<div class=\"elementor-widget-wrap elementor-element-populated\">\n\t\t\t\t\t\t<div class=\"elementor-element elementor-element-4661816 elementor-widget elementor-widget-heading\" data-id=\"4661816\" data-element_type=\"widget\" data-widget_type=\"heading.default\">\n\t\t\t\t<div class=\"elementor-widget-container\">\n\t\t\t<h1 class=\"elementor-heading-title elementor-size-default\">Afl\u0103 mai multe despre VitaTest!<\/h1>\t\t<\/div>\n\t\t\t\t<\/div>\n\t\t\t\t\t<\/div>\n\t\t<\/div>\n\t\t\t\t\t<\/div>\n\t\t<\/section>\n\t\t\t\t<section class=\"elementor-section elementor-top-section elementor-element elementor-element-fddcd6d elementor-section-boxed elementor-section-height-default elementor-section-height-default\" data-id=\"fddcd6d\" data-element_type=\"section\">\n\t\t\t\t\t\t<div class=\"elementor-container elementor-column-gap-default\">\n\t\t\t\t\t<div class=\"elementor-column elementor-col-100 elementor-top-column elementor-element elementor-element-4fc4300\" data-id=\"4fc4300\" data-element_type=\"column\">\n\t\t\t<div class=\"elementor-widget-wrap elementor-element-populated\">\n\t\t\t\t\t\t<div class=\"elementor-element elementor-element-04c9259 elementor-widget elementor-widget-text-editor\" data-id=\"04c9259\" data-element_type=\"widget\" data-widget_type=\"text-editor.default\">\n\t\t\t\t<div class=\"elementor-widget-container\">\n\t\t\t\t\t\t\t<p><strong>Afl\u0103 nivelul de vitamine \u0219i minerale din organismul t\u0103u - simplu, rapid \u0219i f\u0103r\u0103 durere!<\/strong><\/p><p>Nivelurile echilibrate de vitamine \u0219i minerale din Organismal t\u0103u reprezint\u0103 baza unei vie\u021bi s\u0103n\u0103toase. Vrei s\u0103 \u0219tii dac\u0103 prime\u0219ti cantit\u0103\u021bile corecte de nutrien\u021bi de care ai nevoie? Poate c\u0103 deja consumi suplimente, dar nu sim\u021bi \u00eembun\u0103t\u0103\u021bire? Atunci este timpul s\u0103 afli ce vitamine \u0219i minerale \u00eei lipsesc organismului t\u0103u.<\/p><p><strong>Profit\u0103 de o evaluare gratuit\u0103 a vitaminelor \u0219i mineralelor \u0219i afl\u0103 de ce deficien\u021be sufer\u0103 organismul t\u0103u!<\/strong><\/p><p>Cu ajutorul acestui dispozitiv inovator de electro-acupunctur\u0103 po\u021bi afla rapid \u0219i f\u0103r\u0103 durere care este nivelul actual de vitamine \u0219i minerale din organismul t\u0103u. Pentru a te men\u021bine \u0219i pentru a-\u021bi redob\u00e2ndi in loc de a \u00ee\u021bi s\u0103n\u0103tatea, po\u021bi vedea exact de ce substan\u021be nutritive ai nevoie mai mult, pe baza rezultatelor.<\/p><p>F\u0103 acest pas pentru s\u0103n\u0103tatea ta \u0219i ob\u021bine informa\u021bii fiabile despre starea organismului t\u0103u.<\/p>\t\t\t\t\t\t<\/div>\n\t\t\t\t<\/div>\n\t\t\t\t\t<\/div>\n\t\t<\/div>\n\t\t\t\t\t<\/div>\n\t\t<\/section>\n\t\t\t\t<section class=\"elementor-section elementor-top-section elementor-element elementor-element-41c4451 elementor-section-boxed elementor-section-height-default elementor-section-height-default\" data-id=\"41c4451\" data-element_type=\"section\" data-settings=\"{&quot;background_background&quot;:&quot;classic&quot;}\">\n\t\t\t\t\t\t<div class=\"elementor-container elementor-column-gap-default\">\n\t\t\t\t\t<div class=\"elementor-column elementor-col-100 elementor-top-column elementor-element elementor-element-8dbcbce\" data-id=\"8dbcbce\" data-element_type=\"column\">\n\t\t\t<div class=\"elementor-widget-wrap elementor-element-populated\">\n\t\t\t\t\t\t<div class=\"elementor-element elementor-element-f45bbaa elementor-widget elementor-widget-heading\" data-id=\"f45bbaa\" data-element_type=\"widget\" data-widget_type=\"heading.default\">\n\t\t\t\t<div class=\"elementor-widget-container\">\n\t\t\t<h3 class=\"elementor-heading-title elementor-size-default\"><a href=\"#urlap\">Solicit\u0103 acum evaluarea gratuit\u0103 a nivelului de vitamine!<\/a><\/h3>\t\t<\/div>\n\t\t\t\t<\/div>\n\t\t\t\t\t<\/div>\n\t\t<\/div>\n\t\t\t\t\t<\/div>\n\t\t<\/section>\n\t\t\t\t<section class=\"elementor-section elementor-top-section elementor-element elementor-element-8756136 elementor-section-boxed elementor-section-height-default elementor-section-height-default\" data-id=\"8756136\" data-element_type=\"section\">\n\t\t\t\t\t\t<div class=\"elementor-container elementor-column-gap-default\">\n\t\t\t\t\t<div class=\"elementor-column elementor-col-100 elementor-top-column elementor-element elementor-element-30c5ce8\" data-id=\"30c5ce8\" data-element_type=\"column\">\n\t\t\t<div class=\"elementor-widget-wrap elementor-element-populated\">\n\t\t\t\t\t\t<div class=\"elementor-element elementor-element-5a6b31f elementor-widget elementor-widget-heading\" data-id=\"5a6b31f\" data-element_type=\"widget\" data-widget_type=\"heading.default\">\n\t\t\t\t<div class=\"elementor-widget-container\">\n\t\t\t<h2 class=\"elementor-heading-title elementor-size-default\">Cum ajut\u0103 evaluarea?<\/h2>\t\t<\/div>\n\t\t\t\t<\/div>\n\t\t\t\t<div class=\"elementor-element elementor-element-a22c2e7 elementor-widget-divider--view-line elementor-widget elementor-widget-divider\" data-id=\"a22c2e7\" data-element_type=\"widget\" data-widget_type=\"divider.default\">\n\t\t\t\t<div class=\"elementor-widget-container\">\n\t\t\t\t\t<div class=\"elementor-divider\">\n\t\t\t<span class=\"elementor-divider-separator\">\n\t\t\t\t\t\t<\/span>\n\t\t<\/div>\n\t\t\t\t<\/div>\n\t\t\t\t<\/div>\n\t\t\t\t<div class=\"elementor-element elementor-element-b3488d7 elementor-widget elementor-widget-text-editor\" data-id=\"b3488d7\" data-element_type=\"widget\" data-widget_type=\"text-editor.default\">\n\t\t\t\t<div class=\"elementor-widget-container\">\n\t\t\t\t\t\t\t<p>O cheie pentru o via\u021b\u0103 s\u0103n\u0103toas\u0103 este un aport echilibrat de vitamine \u0219i minerale. Dar, pentru a face acest lucru, trebuie s\u0103 \u0219tim \u00een ce stare se afl\u0103 organismul nostru \u00een acest moment. Evaluarea noastr\u0103 \u00ee\u021bi poate oferi o imagine precis\u0103 asupra vitaminelor \u0219i mineralelor pe care le are organismul t\u0103u \u0219i asupra zonelor \u00een care este posibil s\u0103 ai deficien\u021be.<\/p><p><strong>Simplu, rapid, comod:<\/strong> cu dispozitivul de m\u0103surare Vitastiq, evaluarea este rapid\u0103 \u0219i u\u0219oar\u0103, nu sunt necesare proceduri complicate sau teste de laborator \u00eendelungate.<\/p><p><strong>F\u0103r\u0103 durere \u0219i f\u0103r\u0103 \u00een\u021bep\u0103turi:<\/strong> evaluarea este complet nedureroas\u0103, deoarece tehnologia modern\u0103 \u00eenseamn\u0103 c\u0103 nu sunt necesare \u00een\u021bep\u0103turi de ace sau alte proceduri nepl\u0103cute.<\/p><p><strong>Rezultat imediat, informativ:<\/strong> rezultatul evalu\u0103rii este disponibil imediat, astfel \u00eenc\u00e2t ob\u021bii imediat informa\u021biile de care ai nevoie. Rezultatul este informativ, ajut\u00e2ndu-te s\u0103 determini de care vitamine sau minerale ai nevoie mai mult.<\/p><p><strong>M\u0103surabil la orice v\u00e2rst\u0103:<\/strong> evaluarea poate fi aplicat\u0103 la orice v\u00e2rst\u0103, oferind tuturor posibilitatea de a-\u0219i verifica nivelul de vitamine \u0219i minerale.<\/p><p>\u00cencepe de ast\u0103zi s\u0103 tr\u0103ie\u0219ti mai s\u0103n\u0103tos \u0219i afl\u0103 de ce substan\u021be nutritive ai cel mai mult nevoie!<\/p>\t\t\t\t\t\t<\/div>\n\t\t\t\t<\/div>\n\t\t\t\t\t<\/div>\n\t\t<\/div>\n\t\t\t\t\t<\/div>\n\t\t<\/section>\n\t\t\t\t<section class=\"elementor-section elementor-top-section elementor-element elementor-element-ee8c0d4 elementor-section-boxed elementor-section-height-default elementor-section-height-default\" data-id=\"ee8c0d4\" data-element_type=\"section\">\n\t\t\t\t\t\t<div class=\"elementor-container elementor-column-gap-default\">\n\t\t\t\t\t<div class=\"elementor-column elementor-col-100 elementor-top-column elementor-element elementor-element-ab6359b\" data-id=\"ab6359b\" data-element_type=\"column\">\n\t\t\t<div class=\"elementor-widget-wrap elementor-element-populated\">\n\t\t\t\t\t\t<div class=\"elementor-element elementor-element-1379a0a elementor-align-center elementor-widget elementor-widget-button\" data-id=\"1379a0a\" data-element_type=\"widget\" data-widget_type=\"button.default\">\n\t\t\t\t<div class=\"elementor-widget-container\">\n\t\t\t\t\t\t\t<div class=\"elementor-button-wrapper\">\n\t\t\t\t\t<a class=\"elementor-button elementor-button-link elementor-size-lg\" href=\"#urlap\">\n\t\t\t\t\t\t<span class=\"elementor-button-content-wrapper\">\n\t\t\t\t\t\t\t\t\t<span class=\"elementor-button-text\">Ob\u021bine\u021bi acum o evaluare gratuit\u0103 a nivelului de vitamine<\/span>\n\t\t\t\t\t<\/span>\n\t\t\t\t\t<\/a>\n\t\t\t\t<\/div>\n\t\t\t\t\t\t<\/div>\n\t\t\t\t<\/div>\n\t\t\t\t\t<\/div>\n\t\t<\/div>\n\t\t\t\t\t<\/div>\n\t\t<\/section>\n\t\t\t\t<section class=\"elementor-section elementor-top-section elementor-element elementor-element-6b40939 elementor-section-boxed elementor-section-height-default elementor-section-height-default\" data-id=\"6b40939\" data-element_type=\"section\">\n\t\t\t\t\t\t<div class=\"elementor-container elementor-column-gap-default\">\n\t\t\t\t\t<div class=\"elementor-column elementor-col-100 elementor-top-column elementor-element elementor-element-078d017\" data-id=\"078d017\" data-element_type=\"column\">\n\t\t\t<div class=\"elementor-widget-wrap elementor-element-populated\">\n\t\t\t\t\t\t<div class=\"elementor-element elementor-element-479a765 elementor-widget elementor-widget-heading\" data-id=\"479a765\" data-element_type=\"widget\" data-widget_type=\"heading.default\">\n\t\t\t\t<div class=\"elementor-widget-container\">\n\t\t\t<h2 class=\"elementor-heading-title elementor-size-default\">Cum func\u021bioneaz\u0103?<\/h2>\t\t<\/div>\n\t\t\t\t<\/div>\n\t\t\t\t<div class=\"elementor-element elementor-element-21196ec elementor-widget-divider--view-line elementor-widget elementor-widget-divider\" data-id=\"21196ec\" data-element_type=\"widget\" data-widget_type=\"divider.default\">\n\t\t\t\t<div class=\"elementor-widget-container\">\n\t\t\t\t\t<div class=\"elementor-divider\">\n\t\t\t<span class=\"elementor-divider-separator\">\n\t\t\t\t\t\t<\/span>\n\t\t<\/div>\n\t\t\t\t<\/div>\n\t\t\t\t<\/div>\n\t\t\t\t<div class=\"elementor-element elementor-element-580a9a7 elementor-widget elementor-widget-text-editor\" data-id=\"580a9a7\" data-element_type=\"widget\" data-widget_type=\"text-editor.default\">\n\t\t\t\t<div class=\"elementor-widget-container\">\n\t\t\t\t\t\t\t<p><strong>Electro-acupunctura \u00eent\u00e2lne\u0219te tehnologia modern\u0103<\/strong><\/p><p>Aparatul func\u021bioneaz\u0103 pe baza principiilor electroacupuncturii. Aceast\u0103 tehnologie ne permite s\u0103 identific\u0103m \u0219i s\u0103 evalu\u0103m nivelurile actuale de vitamine \u0219i minerale din organism f\u0103r\u0103 a fi nevoie de proceduri invazive.<\/p><ol><li><strong> Pasul 1: Conectarea la aparat:<\/strong> Aparatul de evaluare utilizeaz\u0103 impulsuri electrice care pot identifica \u0219i m\u0103sura nivelurile de vitamine \u0219i minerale din organism. \u00cen timpul m\u0103sur\u0103torii, instrumentul furnizeaz\u0103 informa\u021bii f\u0103r\u0103 durere prin piele.<\/li><li><strong> Pasul 2: Evaluarea:<\/strong> Aparatul de evaluare m\u0103soar\u0103 26 niveluri diferite de vitamine \u0219i minerale. Prime\u0219ti rezultatele instantaneu, astfel \u00eenc\u00e2t po\u021bi vedea imediat de ce vitamine \u0219i minerale ai nevoie mai mult.<\/li><li><strong> Pasul 3: Analiza rezultatelor:<\/strong> Pe baza rezultatelor po\u021bi primi sfaturi nutri\u021bionale personalizate. De asemenea, te vom ajuta s\u0103 g\u0103se\u0219ti cele mai bune suplimente pentru a te ajuta s\u0103 ob\u021bii vitaminele \u0219i mineralele de care ai nevoie.<\/li><\/ol><p>S\u0103n\u0103tatea ta este pe primul loc. Nu mai a\u0219tepta \u0219i afl\u0103 care este starea actual\u0103 al organismului t\u0103u!<\/p>\t\t\t\t\t\t<\/div>\n\t\t\t\t<\/div>\n\t\t\t\t\t<\/div>\n\t\t<\/div>\n\t\t\t\t\t<\/div>\n\t\t<\/section>\n\t\t\t\t<section class=\"elementor-section elementor-top-section elementor-element elementor-element-75414bd elementor-section-boxed elementor-section-height-default elementor-section-height-default\" data-id=\"75414bd\" data-element_type=\"section\">\n\t\t\t\t\t\t<div class=\"elementor-container elementor-column-gap-default\">\n\t\t\t\t\t<div class=\"elementor-column elementor-col-100 elementor-top-column elementor-element elementor-element-bd634e3\" data-id=\"bd634e3\" data-element_type=\"column\">\n\t\t\t<div class=\"elementor-widget-wrap elementor-element-populated\">\n\t\t\t\t\t\t<div class=\"elementor-element elementor-element-d78c303 elementor-align-center elementor-widget elementor-widget-button\" data-id=\"d78c303\" data-element_type=\"widget\" data-widget_type=\"button.default\">\n\t\t\t\t<div class=\"elementor-widget-container\">\n\t\t\t\t\t\t\t<div class=\"elementor-button-wrapper\">\n\t\t\t\t\t<a class=\"elementor-button elementor-button-link elementor-size-lg\" href=\"#urlap\">\n\t\t\t\t\t\t<span class=\"elementor-button-content-wrapper\">\n\t\t\t\t\t\t\t\t\t<span class=\"elementor-button-text\">Ob\u021bine\u021bi acum o evaluare gratuit\u0103 a nivelului de vitamine<\/span>\n\t\t\t\t\t<\/span>\n\t\t\t\t\t<\/a>\n\t\t\t\t<\/div>\n\t\t\t\t\t\t<\/div>\n\t\t\t\t<\/div>\n\t\t\t\t\t<\/div>\n\t\t<\/div>\n\t\t\t\t\t<\/div>\n\t\t<\/section>\n\t\t\t\t<section class=\"elementor-section elementor-top-section elementor-element elementor-element-2e17c51 elementor-section-boxed elementor-section-height-default elementor-section-height-default\" data-id=\"2e17c51\" data-element_type=\"section\">\n\t\t\t\t\t\t<div class=\"elementor-container elementor-column-gap-default\">\n\t\t\t\t\t<div class=\"elementor-column elementor-col-100 elementor-top-column elementor-element elementor-element-5e81ea3\" data-id=\"5e81ea3\" data-element_type=\"column\">\n\t\t\t<div class=\"elementor-widget-wrap elementor-element-populated\">\n\t\t\t\t\t\t<div class=\"elementor-element elementor-element-246782a elementor-widget elementor-widget-heading\" data-id=\"246782a\" data-element_type=\"widget\" data-widget_type=\"heading.default\">\n\t\t\t\t<div class=\"elementor-widget-container\">\n\t\t\t<h2 class=\"elementor-heading-title elementor-size-default\">De ce este important\u0103 evaluarea?<\/h2>\t\t<\/div>\n\t\t\t\t<\/div>\n\t\t\t\t<div class=\"elementor-element elementor-element-c1e3277 elementor-widget-divider--view-line elementor-widget elementor-widget-divider\" data-id=\"c1e3277\" data-element_type=\"widget\" data-widget_type=\"divider.default\">\n\t\t\t\t<div class=\"elementor-widget-container\">\n\t\t\t\t\t<div class=\"elementor-divider\">\n\t\t\t<span class=\"elementor-divider-separator\">\n\t\t\t\t\t\t<\/span>\n\t\t<\/div>\n\t\t\t\t<\/div>\n\t\t\t\t<\/div>\n\t\t\t\t<div class=\"elementor-element elementor-element-1e5a5ff elementor-widget elementor-widget-text-editor\" data-id=\"1e5a5ff\" data-element_type=\"widget\" data-widget_type=\"text-editor.default\">\n\t\t\t\t<div class=\"elementor-widget-container\">\n\t\t\t\t\t\t\t<p><strong>O alimenta\u021bie adecvat\u0103 este baza unei vie\u021bi mai s\u0103n\u0103toase<\/strong><\/p><p>Vitaminele \u0219i mineralele sunt esen\u021biale pentru ca organismul s\u0103 func\u021bioneze corect. Cu toate acestea, deseori nu suntem con\u0219tien\u021bi de ce substan\u021be nutritive are organismul nostru \u00een deficit sau \u00een exces. Dar este esen\u021bial s\u0103 avem o imagine exact\u0103\na st\u0103rii noastre actuale pentru a ne men\u021bine s\u0103n\u0103to\u0219i.<\/p><p><strong>Diete \u0219i suplimente personalizate:<\/strong> Prin evaluarea nutrien\u021bilor, po\u021bi determina exact de ce nutrien\u021bi ai nevoie mai mult, astfel \u00eenc\u00e2t s\u0103 po\u021bi beneficia de o dieta personalizata pe baza de suplimente adecvate.<\/p><p><strong>Sprijinirea pierderii \u00een greutate: <\/strong>Deficien\u021bele de vitamine \u0219i minerale afecteaz\u0103 metabolismul \u0219i pot fi chiar o barier\u0103 \u00een calea pierderii \u00een greutate. F\u0103c\u00e2nd o evaluare, po\u021bi afla ce deficien\u021be de nutrien\u021bi \u00ee\u021bi pot \u00eempiedica pierderea \u00een greutate.<\/p><p><strong>Sus\u021binerea sistemului imunitar:<\/strong> Un aport adecvat de vitamine \u0219i minerale este, de asemenea, esen\u021bial pentru ca sistemul imunitar s\u0103 func\u021bioneze corect. Un bun echilibru de vitamine \u0219i minerale este esen\u021bial pentru un sistem imunitar s\u0103n\u0103tos.<\/p><p><strong>Pentru o via\u021b\u0103 mai s\u0103n\u0103toas\u0103:<\/strong> Pentru a r\u0103m\u00e2ne s\u0103n\u0103to\u0219i, nu l\u0103sa aportul de vitamine \u0219i minerale la voia \u00eent\u00e2mpl\u0103rii! Rezultatul evalu\u0103rii te ajut\u0103 s\u0103 tr\u0103ie\u0219ti \u00een mod con\u0219tient \u0219i s\u0103n\u0103tos.<\/p>\t\t\t\t\t\t<\/div>\n\t\t\t\t<\/div>\n\t\t\t\t\t<\/div>\n\t\t<\/div>\n\t\t\t\t\t<\/div>\n\t\t<\/section>\n\t\t\t\t<section class=\"elementor-section elementor-top-section elementor-element elementor-element-56025c9 elementor-section-boxed elementor-section-height-default elementor-section-height-default\" data-id=\"56025c9\" data-element_type=\"section\">\n\t\t\t\t\t\t<div class=\"elementor-container elementor-column-gap-default\">\n\t\t\t\t\t<div class=\"elementor-column elementor-col-100 elementor-top-column elementor-element elementor-element-0908e33\" data-id=\"0908e33\" data-element_type=\"column\">\n\t\t\t<div class=\"elementor-widget-wrap elementor-element-populated\">\n\t\t\t\t\t\t<div class=\"elementor-element elementor-element-172092a elementor-widget elementor-widget-heading\" data-id=\"172092a\" data-element_type=\"widget\" data-widget_type=\"heading.default\">\n\t\t\t\t<div class=\"elementor-widget-container\">\n\t\t\t<span class=\"elementor-heading-title elementor-size-default\">\u00censcrie-te acum \u0219i f\u0103 un pas spre o via\u021b\u0103 mai s\u0103n\u0103toas\u0103!<\/span>\t\t<\/div>\n\t\t\t\t<\/div>\n\t\t\t\t\t<\/div>\n\t\t<\/div>\n\t\t\t\t\t<\/div>\n\t\t<\/section>\n\t\t\t\t<\/div>","protected":false},"excerpt":{"rendered":"<p>Tudj meg t\u00f6bbet a VitaTestr\u0151l! Ismerd meg szervezeted vitamin \u00e9s \u00e1sv\u00e1nyi anyag szintjeit &#8211; egyszer\u0171en, gyorsan, f\u00e1jdalommentesen! Szervezeted kiegyens\u00falyozott vitamin- \u00e9s \u00e1sv\u00e1nyi anyag ell\u00e1totts\u00e1ga az eg\u00e9szs\u00e9ges \u00e9let alapja. Szeretn\u00e9l tudni r\u00f3la, hogy megfelel\u0151 mennyis\u00e9gben jut-e hozz\u00e1 a sz\u00fcks\u00e9ges t\u00e1panyagokhoz? Esetleg fogyasztasz \u00e9trendkieg\u00e9sz\u00edt\u0151ket, de \u00fagy \u00e9rzed, nem tapasztalsz javul\u00e1st? Akkor itt az id\u0151, hogy megtudd, milyen &#8230; <a title=\"Tudj meg t\u00f6bbet a m\u00e9r\u00e9sr\u0151l\" class=\"read-more\" href=\"https:\/\/vitatest.ro\/ro\/a-meresrol\/\" aria-label=\"Read more about Tudj meg t\u00f6bbet a m\u00e9r\u00e9sr\u0151l\">Read more<\/a><\/p>","protected":false},"author":2,"featured_media":0,"parent":0,"menu_order":0,"comment_status":"closed","ping_status":"closed","template":"elementor_header_footer","meta":{"footnotes":""},"class_list":["post-682","page","type-page","status-publish"],"_links":{"self":[{"href":"https:\/\/vitatest.ro\/ro\/wp-json\/wp\/v2\/pages\/682","targetHints":{"allow":["GET"]}}],"collection":[{"href":"https:\/\/vitatest.ro\/ro\/wp-json\/wp\/v2\/pages"}],"about":[{"href":"https:\/\/vitatest.ro\/ro\/wp-json\/wp\/v2\/types\/page"}],"author":[{"embeddable":true,"href":"https:\/\/vitatest.ro\/ro\/wp-json\/wp\/v2\/users\/2"}],"replies":[{"embeddable":true,"href":"https:\/\/vitatest.ro\/ro\/wp-json\/wp\/v2\/comments?post=682"}],"version-history":[{"count":1,"href":"https:\/\/vitatest.ro\/ro\/wp-json\/wp\/v2\/pages\/682\/revisions"}],"predecessor-version":[{"id":769,"href":"https:\/\/vitatest.ro\/ro\/wp-json\/wp\/v2\/pages\/682\/revisions\/769"}],"wp:attachment":[{"href":"https:\/\/vitatest.ro\/ro\/wp-json\/wp\/v2\/media?parent=682"}],"curies":[{"name":"wp","href":"https:\/\/api.w.org\/{rel}","templated":true}]}}