{"id":104,"date":"2023-01-20T13:50:58","date_gmt":"2023-01-20T12:50:58","guid":{"rendered":"https:\/\/vitatest.ro\/?page_id=104"},"modified":"2023-10-11T16:03:13","modified_gmt":"2023-10-11T14:03:13","slug":"impresszum","status":"publish","type":"page","link":"https:\/\/vitatest.ro\/ro\/impresszum\/","title":{"rendered":"Impressum"},"content":{"rendered":"<p><strong>Detalii operator:<\/strong><\/p>\n<p>Vitakitmax S.R.L.<br \/>\nJud. Bihor, Mun. Oradea, Str. Mihail Kog\u0103lniceanu, Nr.3<br \/>\nCUI 48744269<br \/>\nE-mail: info@vitatest.ro<\/p>\n<p><strong>Furnizor de gazduire:<\/strong><\/p>\n<p>RACKFOREST Kft.<br \/>\nH-1132 Budapest, Victor Hugo u. 18-22.<br \/>\nE-mail: info@rackforest.hu<\/p>","protected":false},"excerpt":{"rendered":"<p>\u00dczemeltet\u0151 adatai: Vitakitmax S.R.L. Jud. Bihor, Mun. Oradea, Str. Mihail Kog\u0103lniceanu, Nr.3 Ad\u00f3sz\u00e1m: CUI 48744269 E-mail: info@vitatest.ro T\u00e1rhelyszolg\u00e1ltat\u00f3: RACKFOREST Kft. C\u00edm: H-1132 Budapest, Victor Hugo u. 18-22. E-mail: info@rackforest.hu<\/p>","protected":false},"author":2,"featured_media":0,"parent":0,"menu_order":0,"comment_status":"closed","ping_status":"closed","template":"","meta":{"footnotes":""},"class_list":["post-104","page","type-page","status-publish"],"_links":{"self":[{"href":"https:\/\/vitatest.ro\/ro\/wp-json\/wp\/v2\/pages\/104","targetHints":{"allow":["GET"]}}],"collection":[{"href":"https:\/\/vitatest.ro\/ro\/wp-json\/wp\/v2\/pages"}],"about":[{"href":"https:\/\/vitatest.ro\/ro\/wp-json\/wp\/v2\/types\/page"}],"author":[{"embeddable":true,"href":"https:\/\/vitatest.ro\/ro\/wp-json\/wp\/v2\/users\/2"}],"replies":[{"embeddable":true,"href":"https:\/\/vitatest.ro\/ro\/wp-json\/wp\/v2\/comments?post=104"}],"version-history":[{"count":1,"href":"https:\/\/vitatest.ro\/ro\/wp-json\/wp\/v2\/pages\/104\/revisions"}],"predecessor-version":[{"id":783,"href":"https:\/\/vitatest.ro\/ro\/wp-json\/wp\/v2\/pages\/104\/revisions\/783"}],"wp:attachment":[{"href":"https:\/\/vitatest.ro\/ro\/wp-json\/wp\/v2\/media?parent=104"}],"curies":[{"name":"wp","href":"https:\/\/api.w.org\/{rel}","templated":true}]}}